{"id":307,"date":"2023-05-09T13:26:07","date_gmt":"2023-05-09T13:26:07","guid":{"rendered":"https:\/\/feiradaserra.cm-sbras.pt\/fs\/?page_id=307"},"modified":"2025-07-17T11:57:12","modified_gmt":"2025-07-17T11:57:12","slug":"evento-inclusivo","status":"publish","type":"page","link":"https:\/\/feiradaserra.cm-sbras.pt\/fs\/?page_id=307","title":{"rendered":"Evento Inclusivo"},"content":{"rendered":"\n\n\n\n<p><span style=\"color: rgb(0, 0, 0); letter-spacing: normal; text-decoration-style: initial;\">EVENTO INCLUSIVO<\/span><br><\/p>\n\n\n\n<h6>PROGRAMA DE APOIO INTEGRADO<\/h6>\n<p>A C\u00e2mara Municipal de S\u00e3o Br\u00e1s de Alportel desenvolve desde 2017 o Programa de Apoio Integrado que permite que o evento da FEIRA da SERRA, a par de outros eventos relevantes, seja acess\u00edvel a todos os cidad\u00e3os, independentemente das suas limita\u00e7\u00f5es. Complementando a sua estrat\u00e9gia de constru\u00e7\u00e3o de infraestruturas acess\u00edveis o Munic\u00edpio iniciou o desenvolvimento de um programa de frui\u00e7\u00e3o dos eventos do munic\u00edpio, apresentando respostas integradas para cada um de acordo com as suas especificidades, o que constitui um importante vetor do Plano \u201cS\u00e3o Br\u00e1s Acess\u00edvel para todos\u201d.<\/p>\n<p>Considerando as caracter\u00edsticas deste evento- dura\u00e7\u00e3o, localiza\u00e7\u00e3o, tipo de atividades, foram desenhadas as acessibilidades, o estacionamento, o recinto reservado e um percurso acess\u00edvel, permitindo a visita \u00e0 Feira e a participa\u00e7\u00e3o nos concertos.<\/p>\n<p>Em cada edi\u00e7\u00e3o, est\u00e1 previsto o apoio log\u00edstico e acompanhamento no local, com apoio nas transfer\u00eancias, informa\u00e7\u00f5es sobre o circuito, os acessos e a perman\u00eancia no recinto do concerto em condi\u00e7\u00f5es de seguran\u00e7a, tudo para que cada edi\u00e7\u00e3o da Feira da Serra seja inesquec\u00edvel.<\/p>\n<p>Este programa \u00e9 assegurado mediante o imprescind\u00edvel apoio t\u00e9cnico dos parceiros FisioSbras e da Casa de Repouso e Sa\u00fade de S. Br\u00e1s.<\/p>\n<p>Para usufruir deste Programa e para tornar poss\u00edvel o seu planeamento \u00e9 necess\u00e1rio que todos os que tenham alguma desvantagem de mobilidade (permanente ou tempor\u00e1ria) ou sensorial (visual ou auditiva) efetuem a sua inscri\u00e7\u00e3o, pr\u00e9via, preenchendo e submetendo obrigatoriamente o seguinte question\u00e1rio previamente ao evento, em cada edi\u00e7\u00e3o, para o endere\u00e7o:<br><\/p>\n<p><a href=\"mailto:geral@casaderepouso-sbras.com\" role=\"link\">geral@casaderepouso-sbras.com<\/a><\/p>\n\n\n\n\n\n\n\n\n\n\n\n\n\n\n\n\n\n\n\n\n\n\n\n\n\n<p style=\"text-align: right; \"><span style=\"font-size: 20px; color: rgb(255, 255, 255);\"><strong style=\"line-height: 1;\">LOREM CORPORATE CEO<\/strong><\/span><\/p><p style=\"text-align: center;\"><span style=\"color: rgb(255, 255, 255);\">Duis aute irure dolor in reprehenderit in voluptate velit esse cillum dolore eu fugiat nulla pariatur. Excepteur sint occaecat cupidatat non proident, sunt in culpa qui officia deserunt mollit anim id est laborum.<\/span><\/p><p style=\"text-align: left;\"><sign>\u00a0 \u00a0 \u00a0 <span style=\"line-height: 2.0;\">Benn Marshall<\/span><\/sign><\/p>\n<p><strong>Descarregue os seguintes documentos:<\/strong><\/p>\n<p><\/p><ul><li><a href=\"https:\/\/feiradaserra.cm-sbras.pt\/fs\/wp-content\/uploads\/2025\/07\/Ficha_Inscricao_Evento_Inclusivo_FeiraSerra2025.pdf\">Ficha de Inscri\u00e7\u00e3o &#8211; 2025 [PDF]<\/a><\/li><\/ul><p><\/p>\n<p><\/p><ul><li><a href=\"https:\/\/feiradaserra.cm-sbras.pt\/fs\/wp-content\/uploads\/2023\/07\/mapa_acessibilidades_2023.jpg\">Mapa de Acessibilidades da Feira<\/a><\/li><\/ul><p><\/p>\n\n\n\n\n\n","protected":false},"excerpt":{"rendered":"","protected":false},"author":1,"featured_media":0,"parent":22,"menu_order":2,"comment_status":"closed","ping_status":"closed","template":"","meta":{"pagelayer_contact_templates":[],"_pagelayer_content":"","footnotes":""},"class_list":["post-307","page","type-page","status-publish","hentry"],"_links":{"self":[{"href":"https:\/\/feiradaserra.cm-sbras.pt\/fs\/index.php?rest_route=\/wp\/v2\/pages\/307","targetHints":{"allow":["GET"]}}],"collection":[{"href":"https:\/\/feiradaserra.cm-sbras.pt\/fs\/index.php?rest_route=\/wp\/v2\/pages"}],"about":[{"href":"https:\/\/feiradaserra.cm-sbras.pt\/fs\/index.php?rest_route=\/wp\/v2\/types\/page"}],"author":[{"embeddable":true,"href":"https:\/\/feiradaserra.cm-sbras.pt\/fs\/index.php?rest_route=\/wp\/v2\/users\/1"}],"replies":[{"embeddable":true,"href":"https:\/\/feiradaserra.cm-sbras.pt\/fs\/index.php?rest_route=%2Fwp%2Fv2%2Fcomments&post=307"}],"version-history":[{"count":14,"href":"https:\/\/feiradaserra.cm-sbras.pt\/fs\/index.php?rest_route=\/wp\/v2\/pages\/307\/revisions"}],"predecessor-version":[{"id":1050,"href":"https:\/\/feiradaserra.cm-sbras.pt\/fs\/index.php?rest_route=\/wp\/v2\/pages\/307\/revisions\/1050"}],"up":[{"embeddable":true,"href":"https:\/\/feiradaserra.cm-sbras.pt\/fs\/index.php?rest_route=\/wp\/v2\/pages\/22"}],"wp:attachment":[{"href":"https:\/\/feiradaserra.cm-sbras.pt\/fs\/index.php?rest_route=%2Fwp%2Fv2%2Fmedia&parent=307"}],"curies":[{"name":"wp","href":"https:\/\/api.w.org\/{rel}","templated":true}]}}