{"id":21,"date":"2023-03-06T11:51:09","date_gmt":"2023-03-06T11:51:09","guid":{"rendered":"https:\/\/feiradaserra.cm-sbras.pt\/fs\/?page_id=21"},"modified":"2025-07-01T16:07:25","modified_gmt":"2025-07-01T16:07:25","slug":"home","status":"publish","type":"page","link":"https:\/\/feiradaserra.cm-sbras.pt\/fs\/","title":{"rendered":"P\u00e1gina Inicial"},"content":{"rendered":"\n\n\n\n\n\n\n<h3>Sobre N\u00f3s<\/h3>\n\n\n\n<p><br>A Feira da Serra \u2013 Ver\u00e3o de S\u00e3o Br\u00e1s de Alportel, \u00e9 um evento sociocultural que nasceu em 1991 por iniciativa de uma Associa\u00e7\u00e3o de Desenvolvimento Local (Associa\u00e7\u00e3o IN LOCO) com a perspetiva de valoriza\u00e7\u00e3o dos produtores e produtos da Serra do Caldeir\u00e3o, tendo o Munic\u00edpio de S\u00e3o Br\u00e1s de Alportel apostado, desde o in\u00edcio, na sua realiza\u00e7\u00e3o.<br><br>Este evento tornou-se uma refer\u00eancia no roteiro tur\u00edstico e cultural do Ver\u00e3o no Algarve, de visita obrigat\u00f3ria, um verdadeiro festival de sons, cores, saberes e sabores genu\u00ednos da serra e do interior e mostra das suas tradi\u00e7\u00f5es.<\/p>\n\n\n\n\n\n\n\n<h2>O QUE TORNA A FEIRA DA SERRA ESPECIAL?<\/h2>\n\n\n\n\n\n<p>Encontre-se com mais de uma centena de artes\u00e3os, onde pode adquirir as pe\u00e7as do mais genu\u00edno artesanato, feitas com os materiais da regi\u00e3o, por m\u00e3os que conhecem a mestria do tempo&#8230;.<\/p>\n\n\n\n\n<p>A Feira com v\u00e1rios espa\u00e7os de restaura\u00e7\u00e3o, tasquinhas e doceiras, permite-lhe saborear os aromas e paladares da cozinha tradicional, dos doces t\u00edpicos e dos bons produtos da Serra do Caldeir\u00e3o&#8230;<br><\/p>\n\n\n\n\n<p>A anima\u00e7\u00e3o sente-se, vive-se e dan\u00e7a-se dentro e fora dos palcos da Feira, o Palco Principal, o Palco Sonoridades, o Palco Jovem e a anima\u00e7\u00e3o de rua proporcionada por v\u00e1rios grupos&#8230;<\/p>\n\n\n\n\n\n\n\n\n<h3>OS DESTAQUES DA FEIRA<\/h3>\n\n\n\n<p>Mais do que um festival de M\u00fasica como tantos outros, uma Feira de Artesanato ou Gastronomia, um certame equestre ou um espa\u00e7o de anima\u00e7\u00e3o infantil, a Feira da Serra \u00e9 tudo isso e muito mais, com 18 espa\u00e7os tem\u00e1ticos onde n\u00e3o falta anima\u00e7\u00e3o para toda a fam\u00edlia, num recinto que prima pelo conforto, seguran\u00e7a e acessibilidade para todos.\u00a0<\/p>\n\n\n\n\n\n\nAnima\u00e7\u00e3o para toda a Fam\u00edlia&#8230;<div><br><\/div><div>Descubra o programa de anima\u00e7\u00e3o que a Feira da Serra tem para si!<\/div>\n\n\n\n<p pagelayer-id=\"cdw9275\" class=\"p-cdw9275 pagelayer-text\">\n<\/p><p class=\"pagelayer-text-holder\"><\/p><p>Este local de homenagem ao produto estrela desta edi\u00e7\u00e3o \u00e9 tamb\u00e9m um verdadeiro palco do empreendedorismo ligado \u00e0s ra\u00edzes algarvias.<\/p><p>Descubra ideias empreendedoras, mas recentes criadas na regi\u00e3o e que t\u00eam como produto principal o mel!<\/p>\n\n\n\n<div>O Desafio &#8220;Banda Jovem&#8221; da Feira da Serra, \u00e9 um projeto que pretende dar a conhecer jovens valores musicais <br>s\u00e3o-brasenses!<br><\/div><div>Se tens entre 14 e 30 anos e gostas de cantar, ent\u00e3o este desafio \u00e9 para ti!<br><\/div>\n\n\n\n\n\n\n<h3>PORQU\u00ca VISITAR-NOS?<\/h3>\n\n\n\n<p>A Feira da Serra abre as portas ao Algarve genu\u00edno e convida a uma viagem no tempo, \u00e0 descoberta das tradi\u00e7\u00f5es das gentes da serra, que aqui e ali se misturam com as mais recentes propostas de inova\u00e7\u00e3o, na constru\u00e7\u00e3o da ponte entre o passado e o futuro!<br><\/p>\n\n\n\n\n\n\n<p [object NamedNodeMap]>Para que a visita \u00e0 Feira da Serra seja apreciada por toda a fam\u00edlia, a Feira\u00a0<span style=\"text-align: left;\">proporciona-lhe algumas experi\u00eancias, desde degusta\u00e7\u00f5es e provas de vinho, batismo equestre ou\u00a0o mundo da fantasia das brincadeiras e pinturas faciais, no S\u00edtio dos Curiosos.<\/span><\/p>\n\n\n\n\n<p>Desde 2017 o que a <br>FEIRA da SERRA, tenta ser acess\u00edvel a <br>todos os cidad\u00e3os, independentemente das suas limita\u00e7\u00f5es. <\/p>\n\n\n\n\n<p>Para facilitar a aquisi\u00e7\u00e3o de bilhetes, a feita disp\u00f5e de venda online de bilhetes atrav\u00e9s da Meo Blueticket. <br>Disfrute mais da Feira, poupe tempo.<\/p>\n\n\n\n\n\n\n\n\n\n\n\n\n\n\n\n\n\n\n\n\n<h3>O QUE DIZEM DA FEIRA DA SERRA&#8230;<\/h3>\n\n\n\n\n\n<p style=\"text-align: left;\">Obrigada pelos 4 dias magn\u00edficos que nos proporcionaram superou as minhas expectativas.<\/p><p style=\"text-align: left;\">At\u00e9 para o ano &#8230;<\/p>\n\n\n\n\n<p style=\"text-align: left;\">Estou de f\u00e9rias e fui a Feira da Serra. Muito organizado. Brincadeiras e divers\u00e3o para as crian\u00e7as, refei\u00e7\u00f5es para todos os gostos com bom pre\u00e7o, show foi magn\u00edfico. Espero voltar no pr\u00f3ximo ano. Parab\u00e9ns!<\/p><p style=\"text-align: left;\">Um grande abra\u00e7o a toda a equipe da organiza\u00e7\u00e3o do evento.<\/p>\n\n\n\n\n<p [object NamedNodeMap]>Muito organizado. Eu e minha fam\u00edlia adoramos. O espet\u00e1culo foi maravilhoso.<\/p>\n\n\n\n\n\n","protected":false},"excerpt":{"rendered":"","protected":false},"author":1,"featured_media":0,"parent":0,"menu_order":0,"comment_status":"closed","ping_status":"closed","template":"","meta":{"pagelayer_contact_templates":[],"_pagelayer_content":"","footnotes":""},"class_list":["post-21","page","type-page","status-publish","hentry"],"_links":{"self":[{"href":"https:\/\/feiradaserra.cm-sbras.pt\/fs\/index.php?rest_route=\/wp\/v2\/pages\/21","targetHints":{"allow":["GET"]}}],"collection":[{"href":"https:\/\/feiradaserra.cm-sbras.pt\/fs\/index.php?rest_route=\/wp\/v2\/pages"}],"about":[{"href":"https:\/\/feiradaserra.cm-sbras.pt\/fs\/index.php?rest_route=\/wp\/v2\/types\/page"}],"author":[{"embeddable":true,"href":"https:\/\/feiradaserra.cm-sbras.pt\/fs\/index.php?rest_route=\/wp\/v2\/users\/1"}],"replies":[{"embeddable":true,"href":"https:\/\/feiradaserra.cm-sbras.pt\/fs\/index.php?rest_route=%2Fwp%2Fv2%2Fcomments&post=21"}],"version-history":[{"count":40,"href":"https:\/\/feiradaserra.cm-sbras.pt\/fs\/index.php?rest_route=\/wp\/v2\/pages\/21\/revisions"}],"predecessor-version":[{"id":971,"href":"https:\/\/feiradaserra.cm-sbras.pt\/fs\/index.php?rest_route=\/wp\/v2\/pages\/21\/revisions\/971"}],"wp:attachment":[{"href":"https:\/\/feiradaserra.cm-sbras.pt\/fs\/index.php?rest_route=%2Fwp%2Fv2%2Fmedia&parent=21"}],"curies":[{"name":"wp","href":"https:\/\/api.w.org\/{rel}","templated":true}]}}